{"id":3178,"date":"2020-09-17T07:27:22","date_gmt":"2020-09-17T07:27:22","guid":{"rendered":"https:\/\/cleanhands.pl\/?page_id=3178"},"modified":"2020-09-17T08:03:05","modified_gmt":"2020-09-17T08:03:05","slug":"for-business","status":"publish","type":"page","link":"https:\/\/cleanhands.pl\/en\/for-business\/","title":{"rendered":"For business"},"content":{"rendered":"<p>[et_pb_section fb_built=&#8221;1&#8243; fullwidth=&#8221;on&#8221; _builder_version=&#8221;3.22&#8243; locked=&#8221;off&#8221;][et_pb_fullwidth_image src=&#8221;https:\/\/cleanhands.pl\/wp-content\/uploads\/2020\/02\/CleanHands-prezentacja4-EN.jpg&#8221; src_tablet=&#8221;&#8221; src_phone=&#8221;https:\/\/cleanhands.pl\/wp-content\/uploads\/2020\/02\/CleanHands-strona-internetowa-4&#215;2-EN2.jpg&#8221; src_last_edited=&#8221;on|phone&#8221; _builder_version=&#8221;4.0.6&#8243; animation_style=&#8221;slide&#8221; animation_direction=&#8221;left&#8221; animation_duration=&#8221;500ms&#8221; animation_intensity_slide=&#8221;10%&#8221; animation=&#8221;left&#8221; use_border_color=&#8221;off&#8221; border_color=&#8221;#ffffff&#8221; border_style=&#8221;solid&#8221;][\/et_pb_fullwidth_image][\/et_pb_section][et_pb_section fb_built=&#8221;1&#8243; admin_label=&#8221;section&#8221; _builder_version=&#8221;3.22&#8243; locked=&#8221;off&#8221;][et_pb_row padding_mobile=&#8221;off&#8221; column_padding_mobile=&#8221;on&#8221; admin_label=&#8221;row&#8221; _builder_version=&#8221;3.25&#8243; background_size=&#8221;initial&#8221; background_position=&#8221;top_left&#8221; background_repeat=&#8221;repeat&#8221; make_fullwidth=&#8221;off&#8221; use_custom_width=&#8221;on&#8221; width_unit=&#8221;on&#8221;][et_pb_column type=&#8221;4_4&#8243; _builder_version=&#8221;3.25&#8243; custom_padding=&#8221;|||&#8221; custom_padding__hover=&#8221;|||&#8221;][et_pb_text _builder_version=&#8221;4.6.0&#8243; background_size=&#8221;initial&#8221; background_position=&#8221;top_left&#8221; background_repeat=&#8221;repeat&#8221; text_orientation=&#8221;center&#8221; module_alignment=&#8221;center&#8221; hover_enabled=&#8221;0&#8243; border_style=&#8221;solid&#8221; sticky_enabled=&#8221;0&#8243;]<\/p>\n<h2><span class=\"zielony\">antibacterial hand gels soaps and sprays<\/span><br \/> CLEANHANDS&#x2122;<\/h2>\n<p style=\"text-align: center;\">Get to know all products in the CleanHands&#x2122; line.<br \/> A delicate, floral scent makes using CleanHands&#x2122; gels especially pleasing.<\/p>\n<p>[\/et_pb_text][\/et_pb_column][\/et_pb_row][et_pb_row use_custom_gutter=&#8221;on&#8221; gutter_width=&#8221;2&#8243; _builder_version=&#8221;4.6.0&#8243; _module_preset=&#8221;default&#8221;][et_pb_column type=&#8221;4_4&#8243; _builder_version=&#8221;4.6.0&#8243; _module_preset=&#8221;default&#8221;][et_pb_text admin_label=&#8221;For business&#8221; module_class=&#8221;naglow&#8221; _builder_version=&#8221;4.6.0&#8243; _module_preset=&#8221;default&#8221; background_image=&#8221;https:\/\/cleanhands.pl\/wp-content\/uploads\/2018\/04\/linia1.png&#8221; background_size=&#8221;initial&#8221; background_repeat=&#8221;repeat-x&#8221;]<\/p>\n<h3><span>For business<\/span><\/h3>\n<p>[\/et_pb_text][et_pb_shop type=&#8221;product_category&#8221; include_categories=&#8221;47&#8243; _builder_version=&#8221;4.6.0&#8243; _module_preset=&#8221;default&#8221;][\/et_pb_shop][\/et_pb_column][\/et_pb_row][et_pb_row padding_mobile=&#8221;off&#8221; column_padding_mobile=&#8221;on&#8221; disabled_on=&#8221;on|on|on&#8221; admin_label=&#8221;row&#8221; _builder_version=&#8221;3.25&#8243; background_size=&#8221;initial&#8221; background_position=&#8221;top_left&#8221; background_repeat=&#8221;repeat&#8221; make_fullwidth=&#8221;off&#8221; use_custom_width=&#8221;on&#8221; width_unit=&#8221;on&#8221; disabled=&#8221;on&#8221;][et_pb_column type=&#8221;4_4&#8243; _builder_version=&#8221;3.25&#8243; custom_padding=&#8221;|||&#8221; custom_padding__hover=&#8221;|||&#8221;][et_pb_text _builder_version=&#8221;4.6.0&#8243; background_size=&#8221;initial&#8221; background_position=&#8221;top_left&#8221; background_repeat=&#8221;repeat&#8221; text_orientation=&#8221;center&#8221; module_alignment=&#8221;center&#8221; use_border_color=&#8221;off&#8221; border_color=&#8221;#ffffff&#8221; border_style=&#8221;solid&#8221;]<\/p>\n<h2><span class=\"zielony\">WASZE<\/span><br \/>KOMENTARZE<\/h2>\n<p>[\/et_pb_text][\/et_pb_column][\/et_pb_row][et_pb_row column_structure=&#8221;1_3,1_3,1_3&#8243; disabled_on=&#8221;on|on|on&#8221; _builder_version=&#8221;3.25&#8243; background_size=&#8221;initial&#8221; background_position=&#8221;top_left&#8221; background_repeat=&#8221;repeat&#8221; disabled=&#8221;on&#8221;][et_pb_column type=&#8221;1_3&#8243; _builder_version=&#8221;3.25&#8243; custom_padding=&#8221;|||&#8221; custom_padding__hover=&#8221;|||&#8221;][et_pb_testimonial author=&#8221;Mazur&#8221; _builder_version=&#8221;3.2&#8243; background_size=&#8221;initial&#8221; background_position=&#8221;top_left&#8221; background_repeat=&#8221;repeat&#8221; text_orientation=&#8221;center&#8221; use_border_color=&#8221;off&#8221; border_color=&#8221;#ffffff&#8221; border_style=&#8221;solid&#8221;]Ten \u017cel jest naprawd\u0119 niezast\u0105piony w podr\u00f3\u017cy. Cz\u0119sto si\u0119 przemieszczam i w naszych super czystych pkp sprawdza si\u0119 \u015bwietnie!!<br \/>\n[\/et_pb_testimonial][\/et_pb_column][et_pb_column type=&#8221;1_3&#8243; _builder_version=&#8221;3.25&#8243; custom_padding=&#8221;|||&#8221; custom_padding__hover=&#8221;|||&#8221;][et_pb_testimonial author=&#8221;Antka&#8221; _builder_version=&#8221;3.2&#8243; background_size=&#8221;initial&#8221; background_position=&#8221;top_left&#8221; background_repeat=&#8221;repeat&#8221; text_orientation=&#8221;center&#8221; use_border_color=&#8221;off&#8221; border_color=&#8221;#ffffff&#8221; border_style=&#8221;solid&#8221;]Najlepszy \u017cel antybakteryjny! Bez problemu mie\u015bci si\u0119 w torebce. Pod wp\u0142ywem ciep\u0142a rozpuszcza si\u0119 na d\u0142oniach tworz\u0105c p\u0142ynn\u0105 konsystencj\u0119. \u015awietnie si\u0119 rozprowadza i natychmiastowo wch\u0142ania. Po jego u\u017cyciu d\u0142onie s\u0105 czyste, \u015bwie\u017ce i g\u0142adkie<br \/>\n[\/et_pb_testimonial][\/et_pb_column][et_pb_column type=&#8221;1_3&#8243; _builder_version=&#8221;3.25&#8243; custom_padding=&#8221;|||&#8221; custom_padding__hover=&#8221;|||&#8221;][et_pb_testimonial author=&#8221;Maja&#8221; _builder_version=&#8221;3.2&#8243; background_size=&#8221;initial&#8221; background_position=&#8221;top_left&#8221; background_repeat=&#8221;repeat&#8221; text_orientation=&#8221;center&#8221; use_border_color=&#8221;off&#8221; border_color=&#8221;#ffffff&#8221; border_style=&#8221;solid&#8221;]Jak dla mnie produkt nie do zast\u0105pienia kiedy jestem z dzieciakami na dworze\/ na wyje\u017adzie. W okresie grypowym s\u0105 nie do przecenienia. Bardzo mi\u0142y zapach i ogromny plus za to, \u017ce po u\u017cyciu \u017celu d\u0142onie si\u0119 nie lepi\u0105.<br \/>\n[\/et_pb_testimonial][\/et_pb_column][\/et_pb_row][\/et_pb_section]<\/p>\n","protected":false},"excerpt":{"rendered":"<p>antibacterial hand gels soaps and sprays CLEANHANDS&#x2122; Get to know all products in the CleanHands&#x2122; line. A delicate, floral scent makes using CleanHands&#x2122; gels especially pleasing.For businessWASZEKOMENTARZETen \u017cel jest naprawd\u0119 niezast\u0105piony w podr\u00f3\u017cy. Cz\u0119sto si\u0119 przemieszczam i w naszych super czystych pkp sprawdza si\u0119 \u015bwietnie!! Najlepszy \u017cel antybakteryjny! Bez problemu mie\u015bci si\u0119 w torebce. Pod [&hellip;]<\/p>\n","protected":false},"author":3,"featured_media":0,"parent":0,"menu_order":0,"comment_status":"closed","ping_status":"closed","template":"","meta":{"_acf_changed":false,"_et_pb_use_builder":"on","_et_pb_old_content":"","_et_gb_content_width":"","footnotes":""},"class_list":["post-3178","page","type-page","status-publish","hentry"],"acf":[],"yoast_head":"<!-- This site is optimized with the Yoast SEO plugin v23.8 - https:\/\/yoast.com\/wordpress\/plugins\/seo\/ -->\n<title>For business - CleanHands<\/title>\n<meta name=\"robots\" content=\"index, follow, max-snippet:-1, max-image-preview:large, max-video-preview:-1\" \/>\n<link rel=\"canonical\" href=\"https:\/\/cleanhands.pl\/en\/for-business\/\" \/>\n<meta property=\"og:locale\" content=\"en_US\" \/>\n<meta property=\"og:type\" content=\"article\" \/>\n<meta property=\"og:title\" content=\"For business - CleanHands\" \/>\n<meta property=\"og:description\" content=\"antibacterial hand gels soaps and sprays CLEANHANDS&#x2122; Get to know all products in the CleanHands&#x2122; line. A delicate, floral scent makes using CleanHands&#x2122; gels especially pleasing.For businessWASZEKOMENTARZETen \u017cel jest naprawd\u0119 niezast\u0105piony w podr\u00f3\u017cy. Cz\u0119sto si\u0119 przemieszczam i w naszych super czystych pkp sprawdza si\u0119 \u015bwietnie!! Najlepszy \u017cel antybakteryjny! Bez problemu mie\u015bci si\u0119 w torebce. Pod [&hellip;]\" \/>\n<meta property=\"og:url\" content=\"https:\/\/cleanhands.pl\/en\/for-business\/\" \/>\n<meta property=\"og:site_name\" content=\"CleanHands\" \/>\n<meta property=\"article:modified_time\" content=\"2020-09-17T08:03:05+00:00\" \/>\n<meta name=\"twitter:card\" content=\"summary_large_image\" \/>\n<meta name=\"twitter:label1\" content=\"Est. reading time\" \/>\n\t<meta name=\"twitter:data1\" content=\"3 minutes\" \/>\n<script type=\"application\/ld+json\" class=\"yoast-schema-graph\">{\"@context\":\"https:\/\/schema.org\",\"@graph\":[{\"@type\":\"WebPage\",\"@id\":\"https:\/\/cleanhands.pl\/en\/for-business\/\",\"url\":\"https:\/\/cleanhands.pl\/en\/for-business\/\",\"name\":\"For business - CleanHands\",\"isPartOf\":{\"@id\":\"https:\/\/cleanhands.pl\/#website\"},\"datePublished\":\"2020-09-17T07:27:22+00:00\",\"dateModified\":\"2020-09-17T08:03:05+00:00\",\"breadcrumb\":{\"@id\":\"https:\/\/cleanhands.pl\/en\/for-business\/#breadcrumb\"},\"inLanguage\":\"en-US\",\"potentialAction\":[{\"@type\":\"ReadAction\",\"target\":[\"https:\/\/cleanhands.pl\/en\/for-business\/\"]}]},{\"@type\":\"BreadcrumbList\",\"@id\":\"https:\/\/cleanhands.pl\/en\/for-business\/#breadcrumb\",\"itemListElement\":[{\"@type\":\"ListItem\",\"position\":1,\"name\":\"Strona g\u0142\u00f3wna\",\"item\":\"https:\/\/cleanhands.pl\/en\/\"},{\"@type\":\"ListItem\",\"position\":2,\"name\":\"For business\"}]},{\"@type\":\"WebSite\",\"@id\":\"https:\/\/cleanhands.pl\/#website\",\"url\":\"https:\/\/cleanhands.pl\/\",\"name\":\"CleanHands\",\"description\":\"Antybakteryjny \u017cel do r\u0105k, zabija 99,9% bakterii\",\"potentialAction\":[{\"@type\":\"SearchAction\",\"target\":{\"@type\":\"EntryPoint\",\"urlTemplate\":\"https:\/\/cleanhands.pl\/?s={search_term_string}\"},\"query-input\":{\"@type\":\"PropertyValueSpecification\",\"valueRequired\":true,\"valueName\":\"search_term_string\"}}],\"inLanguage\":\"en-US\"}]}<\/script>\n<!-- \/ Yoast SEO plugin. -->","yoast_head_json":{"title":"For business - CleanHands","robots":{"index":"index","follow":"follow","max-snippet":"max-snippet:-1","max-image-preview":"max-image-preview:large","max-video-preview":"max-video-preview:-1"},"canonical":"https:\/\/cleanhands.pl\/en\/for-business\/","og_locale":"en_US","og_type":"article","og_title":"For business - CleanHands","og_description":"antibacterial hand gels soaps and sprays CLEANHANDS&#x2122; Get to know all products in the CleanHands&#x2122; line. A delicate, floral scent makes using CleanHands&#x2122; gels especially pleasing.For businessWASZEKOMENTARZETen \u017cel jest naprawd\u0119 niezast\u0105piony w podr\u00f3\u017cy. Cz\u0119sto si\u0119 przemieszczam i w naszych super czystych pkp sprawdza si\u0119 \u015bwietnie!! Najlepszy \u017cel antybakteryjny! Bez problemu mie\u015bci si\u0119 w torebce. Pod [&hellip;]","og_url":"https:\/\/cleanhands.pl\/en\/for-business\/","og_site_name":"CleanHands","article_modified_time":"2020-09-17T08:03:05+00:00","twitter_card":"summary_large_image","twitter_misc":{"Est. reading time":"3 minutes"},"schema":{"@context":"https:\/\/schema.org","@graph":[{"@type":"WebPage","@id":"https:\/\/cleanhands.pl\/en\/for-business\/","url":"https:\/\/cleanhands.pl\/en\/for-business\/","name":"For business - CleanHands","isPartOf":{"@id":"https:\/\/cleanhands.pl\/#website"},"datePublished":"2020-09-17T07:27:22+00:00","dateModified":"2020-09-17T08:03:05+00:00","breadcrumb":{"@id":"https:\/\/cleanhands.pl\/en\/for-business\/#breadcrumb"},"inLanguage":"en-US","potentialAction":[{"@type":"ReadAction","target":["https:\/\/cleanhands.pl\/en\/for-business\/"]}]},{"@type":"BreadcrumbList","@id":"https:\/\/cleanhands.pl\/en\/for-business\/#breadcrumb","itemListElement":[{"@type":"ListItem","position":1,"name":"Strona g\u0142\u00f3wna","item":"https:\/\/cleanhands.pl\/en\/"},{"@type":"ListItem","position":2,"name":"For business"}]},{"@type":"WebSite","@id":"https:\/\/cleanhands.pl\/#website","url":"https:\/\/cleanhands.pl\/","name":"CleanHands","description":"Antybakteryjny \u017cel do r\u0105k, zabija 99,9% bakterii","potentialAction":[{"@type":"SearchAction","target":{"@type":"EntryPoint","urlTemplate":"https:\/\/cleanhands.pl\/?s={search_term_string}"},"query-input":{"@type":"PropertyValueSpecification","valueRequired":true,"valueName":"search_term_string"}}],"inLanguage":"en-US"}]}},"_links":{"self":[{"href":"https:\/\/cleanhands.pl\/en\/wp-json\/wp\/v2\/pages\/3178"}],"collection":[{"href":"https:\/\/cleanhands.pl\/en\/wp-json\/wp\/v2\/pages"}],"about":[{"href":"https:\/\/cleanhands.pl\/en\/wp-json\/wp\/v2\/types\/page"}],"author":[{"embeddable":true,"href":"https:\/\/cleanhands.pl\/en\/wp-json\/wp\/v2\/users\/3"}],"replies":[{"embeddable":true,"href":"https:\/\/cleanhands.pl\/en\/wp-json\/wp\/v2\/comments?post=3178"}],"version-history":[{"count":3,"href":"https:\/\/cleanhands.pl\/en\/wp-json\/wp\/v2\/pages\/3178\/revisions"}],"predecessor-version":[{"id":3198,"href":"https:\/\/cleanhands.pl\/en\/wp-json\/wp\/v2\/pages\/3178\/revisions\/3198"}],"wp:attachment":[{"href":"https:\/\/cleanhands.pl\/en\/wp-json\/wp\/v2\/media?parent=3178"}],"curies":[{"name":"wp","href":"https:\/\/api.w.org\/{rel}","templated":true}]}}